{"id":17128,"date":"2022-07-22T20:17:26","date_gmt":"2022-07-22T17:17:26","guid":{"rendered":"http:\/\/lotus-steel.com\/hakkimizda\/"},"modified":"2023-12-16T11:32:46","modified_gmt":"2023-12-16T08:32:46","slug":"about-us","status":"publish","type":"page","link":"https:\/\/lotus-steel.com\/en\/about-us\/","title":{"rendered":"About Us"},"content":{"rendered":"\t\t<div data-elementor-type=\"wp-page\" data-elementor-id=\"17128\" class=\"elementor elementor-17128\" data-elementor-post-type=\"page\">\n\t\t\t\t\t\t<div class=\"elementor-inner\">\n\t\t\t\t<div class=\"elementor-section-wrap\">\n\t\t\t\t\t\t\t\t\t<section class=\"elementor-section elementor-top-section elementor-element elementor-element-61ddadd elementor-section-boxed elementor-section-height-default elementor-section-height-default\" data-id=\"61ddadd\" data-element_type=\"section\">\n\t\t\t\t\t\t<div class=\"elementor-container elementor-column-gap-wide\">\n\t\t\t\t\t\t\t<div class=\"elementor-row\">\n\t\t\t\t\t<div class=\"elementor-column elementor-col-50 elementor-top-column elementor-element elementor-element-5c62ccb\" data-id=\"5c62ccb\" data-element_type=\"column\">\n\t\t\t<div class=\"elementor-column-wrap elementor-element-populated\">\n\t\t\t\t\t\t\t<div class=\"elementor-widget-wrap\">\n\t\t\t\t\t\t<div class=\"elementor-element elementor-element-52d451c elementor-invisible elementor-widget elementor-widget-image\" data-id=\"52d451c\" data-element_type=\"widget\" data-settings=\"{&quot;_animation&quot;:&quot;industrium_slide_in_up_left&quot;,&quot;_animation_delay&quot;:300}\" data-widget_type=\"image.default\">\n\t\t\t\t<div class=\"elementor-widget-container\">\n\t\t\t\t\t\t\t\t<div class=\"elementor-image\">\n\t\t\t\t\t\t\t\t\t\t\t\t<img loading=\"lazy\" decoding=\"async\" width=\"656\" height=\"557\" src=\"https:\/\/lotus-steel.com\/wp-content\/uploads\/2023\/09\/lotus.png\" class=\"attachment-large size-large wp-image-16469\" alt=\"\" srcset=\"https:\/\/lotus-steel.com\/wp-content\/uploads\/2023\/09\/lotus.png 656w, https:\/\/lotus-steel.com\/wp-content\/uploads\/2023\/09\/lotus-300x255.png 300w\" sizes=\"(max-width: 656px) 100vw, 656px\" \/>\t\t\t\t\t\t\t\t\t\t\t\t\t\t<\/div>\n\t\t\t\t\t\t<\/div>\n\t\t\t\t<\/div>\n\t\t\t\t\t\t<\/div>\n\t\t\t\t\t<\/div>\n\t\t<\/div>\n\t\t\t\t<div class=\"elementor-column elementor-col-50 elementor-top-column elementor-element elementor-element-232ea29\" data-id=\"232ea29\" data-element_type=\"column\">\n\t\t\t<div class=\"elementor-column-wrap elementor-element-populated\">\n\t\t\t\t\t\t\t<div class=\"elementor-widget-wrap\">\n\t\t\t\t\t\t<div class=\"elementor-element elementor-element-a15f496 elementor-widget elementor-widget-industrium_heading\" data-id=\"a15f496\" data-element_type=\"widget\" data-widget_type=\"industrium_heading.default\">\n\t\t\t\t<div class=\"elementor-widget-container\">\n\t\t\t<div class=\"industrium-heading-widget\"><h2 class=\"industrium-heading\"><span class=\"industrium-subheading\">About Us<\/span><span class=\"industrium-heading-content\">Lotus Steel<\/span><\/h2><\/div>\t\t<\/div>\n\t\t\t\t<\/div>\n\t\t\t\t<div class=\"elementor-element elementor-element-032b430 elementor-widget elementor-widget-text-editor\" data-id=\"032b430\" data-element_type=\"widget\" data-widget_type=\"text-editor.default\">\n\t\t\t\t<div class=\"elementor-widget-container\">\n\t\t\t\t\t\t\t\t<div class=\"elementor-text-editor elementor-clearfix\">\n\t\t\t\t<p style=\"font-weight: 400;\">Lotus steel has been providing metal maintenance and repair services in refineries, petrochemicals, iron and steel, power plants, etc. since 2008. Our work in project-based, daily maintenance and repair works and shutdowns is our goal to do time lossless works with our Zero Accident principle. We commit and implement this.<\/p>\t\t\t\t\t<\/div>\n\t\t\t\t\t\t<\/div>\n\t\t\t\t<\/div>\n\t\t\t\t<div class=\"elementor-element elementor-element-6141658 elementor-widget elementor-widget-text-editor\" data-id=\"6141658\" data-element_type=\"widget\" data-widget_type=\"text-editor.default\">\n\t\t\t\t<div class=\"elementor-widget-container\">\n\t\t\t\t\t\t\t\t<div class=\"elementor-text-editor elementor-clearfix\">\n\t\t\t\t<div class=\"page\" title=\"Page 2\"><div class=\"layoutArea\"><div class=\"column\"><p>Ayr\u0131ca ato\u0308lyemizde haval\u0131 sog\u0306utucu ve es\u0327anjo\u0308r retub is\u0327i yapmaktay\u0131z. Sahada es\u0327anjo\u0308r , haval\u0131 sog\u0306utucu,f\u0131r\u0131n ve konderser retub is\u0327leri uzmanl\u0131k alanlar\u0131m\u0131zdand\u0131r. Her tu\u0308r malzeme ve ebatlara uyumlu makine,tabanca ve tu\u0308m aparat-yedek parc\u0327am\u0131z bulunmaktad\u0131r.<\/p><\/div><\/div><\/div>\t\t\t\t\t<\/div>\n\t\t\t\t\t\t<\/div>\n\t\t\t\t<\/div>\n\t\t\t\t\t\t<\/div>\n\t\t\t\t\t<\/div>\n\t\t<\/div>\n\t\t\t\t\t\t\t\t<\/div>\n\t\t\t\t\t<\/div>\n\t\t<\/section>\n\t\t\t\t<section class=\"elementor-section elementor-top-section elementor-element elementor-element-630a8fa elementor-section-full_width elementor-section-stretched siyah elementor-section-height-default elementor-section-height-default\" data-id=\"630a8fa\" data-element_type=\"section\" data-settings=\"{&quot;stretch_section&quot;:&quot;section-stretched&quot;,&quot;background_background&quot;:&quot;classic&quot;}\">\n\t\t\t\t\t\t<div class=\"elementor-container elementor-column-gap-no\">\n\t\t\t\t\t\t\t<div class=\"elementor-row\">\n\t\t\t\t\t<div class=\"elementor-column elementor-col-100 elementor-top-column elementor-element elementor-element-ed68f9e\" data-id=\"ed68f9e\" data-element_type=\"column\">\n\t\t\t<div class=\"elementor-column-wrap elementor-element-populated\">\n\t\t\t\t\t\t\t<div class=\"elementor-widget-wrap\">\n\t\t\t\t\t\t<div class=\"elementor-element elementor-element-7e26f91 elementor-widget__width-initial elementor-absolute elementor-hidden-tablet elementor-hidden-mobile elementor-widget elementor-widget-text-editor\" data-id=\"7e26f91\" data-element_type=\"widget\" data-settings=\"{&quot;_position&quot;:&quot;absolute&quot;}\" data-widget_type=\"text-editor.default\">\n\t\t\t\t<div class=\"elementor-widget-container\">\n\t\t\t\t\t\t\t\t<div class=\"elementor-text-editor elementor-clearfix\">\n\t\t\t\t\t\t\t\t\t<\/div>\n\t\t\t\t\t\t<\/div>\n\t\t\t\t<\/div>\n\t\t\t\t<div class=\"elementor-element elementor-element-78db5c6 elementor-absolute animated-fast decoration-type-1 elementor-invisible elementor-widget elementor-widget-industrium_decoration\" data-id=\"78db5c6\" data-element_type=\"widget\" data-settings=\"{&quot;_position&quot;:&quot;absolute&quot;,&quot;_animation&quot;:&quot;industrium_decoration&quot;,&quot;_animation_delay&quot;:300}\" data-widget_type=\"industrium_decoration.default\">\n\t\t\t\t<div class=\"elementor-widget-container\">\n\t\t\t        <div class=\"decoration-widget\">\n            <div class=\"decoration-container\">\n                <div class=\"industrium-decoration\">\n                    <div><\/div><div><\/div><div><\/div>\n                <\/div>\n            <\/div>\n        <\/div>\n        \t\t<\/div>\n\t\t\t\t<\/div>\n\t\t\t\t<section class=\"elementor-section elementor-inner-section elementor-element elementor-element-ef1f02f elementor-section-boxed elementor-section-height-default elementor-section-height-default\" data-id=\"ef1f02f\" data-element_type=\"section\">\n\t\t\t\t\t\t<div class=\"elementor-container elementor-column-gap-wide\">\n\t\t\t\t\t\t\t<div class=\"elementor-row\">\n\t\t\t\t\t<div class=\"elementor-column elementor-col-50 elementor-inner-column elementor-element elementor-element-a1d6b89\" data-id=\"a1d6b89\" data-element_type=\"column\">\n\t\t\t<div class=\"elementor-column-wrap elementor-element-populated\">\n\t\t\t\t\t\t\t<div class=\"elementor-widget-wrap\">\n\t\t\t\t\t\t<div class=\"elementor-element elementor-element-c501b3d elementor-widget elementor-widget-industrium_heading\" data-id=\"c501b3d\" data-element_type=\"widget\" data-widget_type=\"industrium_heading.default\">\n\t\t\t\t<div class=\"elementor-widget-container\">\n\t\t\t<div class=\"industrium-heading-widget\"><h2 class=\"industrium-heading\"><span class=\"industrium-heading-content\">\u0130\u015fbirlik\u00e7i Yakla\u015f\u0131m, Y\u00fcksek E\u011fitimli \u0130\u015f G\u00fcc\u00fc<\/span><\/h2><\/div>\t\t<\/div>\n\t\t\t\t<\/div>\n\t\t\t\t<div class=\"elementor-element elementor-element-c93e873 elementor-widget elementor-widget-text-editor\" data-id=\"c93e873\" data-element_type=\"widget\" data-widget_type=\"text-editor.default\">\n\t\t\t\t<div class=\"elementor-widget-container\">\n\t\t\t\t\t\t\t\t<div class=\"elementor-text-editor elementor-clearfix\">\n\t\t\t\t<div class=\"page\" title=\"Page 3\"><div class=\"layoutArea\"><div class=\"column\"><p>I\u0307s\u0327birlikc\u0327i yaklas\u0327\u0131m\u0131m\u0131z, yu\u0308ksek eg\u0306itimli ve vas\u0131fl\u0131 is\u0327 gu\u0308cu\u0308mu\u0308z , kalite ile gu\u0308venlig\u0306e olan bag\u0306l\u0131l\u0131g\u0306\u0131m\u0131z, sekto\u0308r trendlerine ve pazar beklentilerine yan\u0131t veren mu\u0308s\u0327terilerimizin benzersiz gereksinimlerini kars\u0327\u0131layan yak\u0131n, uzun vadeli ilis\u0327kiler kurmam\u0131za olanak tan\u0131r.<\/p><\/div><\/div><\/div>\t\t\t\t\t<\/div>\n\t\t\t\t\t\t<\/div>\n\t\t\t\t<\/div>\n\t\t\t\t<div class=\"elementor-element elementor-element-f8a0f40 elementor-widget elementor-widget-progress\" data-id=\"f8a0f40\" data-element_type=\"widget\" data-widget_type=\"progress.default\">\n\t\t\t\t<div class=\"elementor-widget-container\">\n\t\t\t\t\t\t<span class=\"elementor-title\">\n\t\t\t\tHeat Exchanger, Air Cooler Boiler, and Furnace Retub-Maintenance-Repair\t\t\t<\/span>\n\t\t\n\t\t<div class=\"elementor-progress-wrapper\" role=\"progressbar\" aria-valuemin=\"0\" aria-valuemax=\"100\" aria-valuenow=\"89\">\n\t\t\t<div class=\"elementor-progress-bar\" data-max=\"89\">\n\t\t\t\t<span class=\"elementor-progress-text\"><\/span>\n\t\t\t\t\t\t\t\t\t<span class=\"elementor-progress-percentage\">89%<\/span>\n\t\t\t\t\t\t\t<\/div>\n\t\t<\/div>\n\t\t\t\t<\/div>\n\t\t\t\t<\/div>\n\t\t\t\t<div class=\"elementor-element elementor-element-dfe0e01 elementor-widget elementor-widget-progress\" data-id=\"dfe0e01\" data-element_type=\"widget\" data-widget_type=\"progress.default\">\n\t\t\t\t<div class=\"elementor-widget-container\">\n\t\t\t\t\t\t<span class=\"elementor-title\">\n\t\t\t\tColumn, Dram Regeneration Reactor, Other Industrial Equipment Maintenance-Repair\t\t\t<\/span>\n\t\t\n\t\t<div class=\"elementor-progress-wrapper\" role=\"progressbar\" aria-valuemin=\"0\" aria-valuemax=\"100\" aria-valuenow=\"93\">\n\t\t\t<div class=\"elementor-progress-bar\" data-max=\"93\">\n\t\t\t\t<span class=\"elementor-progress-text\"><\/span>\n\t\t\t\t\t\t\t\t\t<span class=\"elementor-progress-percentage\">93%<\/span>\n\t\t\t\t\t\t\t<\/div>\n\t\t<\/div>\n\t\t\t\t<\/div>\n\t\t\t\t<\/div>\n\t\t\t\t<div class=\"elementor-element elementor-element-e8cfb69 elementor-widget elementor-widget-progress\" data-id=\"e8cfb69\" data-element_type=\"widget\" data-widget_type=\"progress.default\">\n\t\t\t\t<div class=\"elementor-widget-container\">\n\t\t\t\t\t\t<span class=\"elementor-title\">\n\t\t\t\tPipe Assembly \u2013 Disassembly\t\t\t<\/span>\n\t\t\n\t\t<div class=\"elementor-progress-wrapper\" role=\"progressbar\" aria-valuemin=\"0\" aria-valuemax=\"100\" aria-valuenow=\"41\">\n\t\t\t<div class=\"elementor-progress-bar\" data-max=\"41\">\n\t\t\t\t<span class=\"elementor-progress-text\"><\/span>\n\t\t\t\t\t\t\t\t\t<span class=\"elementor-progress-percentage\">41%<\/span>\n\t\t\t\t\t\t\t<\/div>\n\t\t<\/div>\n\t\t\t\t<\/div>\n\t\t\t\t<\/div>\n\t\t\t\t<div class=\"elementor-element elementor-element-c3c1067 elementor-widget elementor-widget-progress\" data-id=\"c3c1067\" data-element_type=\"widget\" data-widget_type=\"progress.default\">\n\t\t\t\t<div class=\"elementor-widget-container\">\n\t\t\t\t\t\t<span class=\"elementor-title\">\n\t\t\t\t\u00dcnite Devreye Alma ve Kapatma\t\t\t<\/span>\n\t\t\n\t\t<div class=\"elementor-progress-wrapper\" role=\"progressbar\" aria-valuemin=\"0\" aria-valuemax=\"100\" aria-valuenow=\"55\">\n\t\t\t<div class=\"elementor-progress-bar\" data-max=\"55\">\n\t\t\t\t<span class=\"elementor-progress-text\"><\/span>\n\t\t\t\t\t\t\t\t\t<span class=\"elementor-progress-percentage\">55%<\/span>\n\t\t\t\t\t\t\t<\/div>\n\t\t<\/div>\n\t\t\t\t<\/div>\n\t\t\t\t<\/div>\n\t\t\t\t<div class=\"elementor-element elementor-element-8980bda elementor-widget elementor-widget-progress\" data-id=\"8980bda\" data-element_type=\"widget\" data-widget_type=\"progress.default\">\n\t\t\t\t<div class=\"elementor-widget-container\">\n\t\t\t\t\t\t<span class=\"elementor-title\">\n\t\t\t\tTank Maintenance-Repair\t\t\t<\/span>\n\t\t\n\t\t<div class=\"elementor-progress-wrapper\" role=\"progressbar\" aria-valuemin=\"0\" aria-valuemax=\"100\" aria-valuenow=\"51\">\n\t\t\t<div class=\"elementor-progress-bar\" data-max=\"51\">\n\t\t\t\t<span class=\"elementor-progress-text\"><\/span>\n\t\t\t\t\t\t\t\t\t<span class=\"elementor-progress-percentage\">51%<\/span>\n\t\t\t\t\t\t\t<\/div>\n\t\t<\/div>\n\t\t\t\t<\/div>\n\t\t\t\t<\/div>\n\t\t\t\t<div class=\"elementor-element elementor-element-5b40895 elementor-widget elementor-widget-progress\" data-id=\"5b40895\" data-element_type=\"widget\" data-widget_type=\"progress.default\">\n\t\t\t\t<div class=\"elementor-widget-container\">\n\t\t\t\t\t\t<span class=\"elementor-title\">\n\t\t\t\tUnit Works, Valve, Orifice and Instrument Assembly-Disassembly-Maintenance\t\t\t<\/span>\n\t\t\n\t\t<div class=\"elementor-progress-wrapper\" role=\"progressbar\" aria-valuemin=\"0\" aria-valuemax=\"100\" aria-valuenow=\"87\">\n\t\t\t<div class=\"elementor-progress-bar\" data-max=\"87\">\n\t\t\t\t<span class=\"elementor-progress-text\"><\/span>\n\t\t\t\t\t\t\t\t\t<span class=\"elementor-progress-percentage\">87%<\/span>\n\t\t\t\t\t\t\t<\/div>\n\t\t<\/div>\n\t\t\t\t<\/div>\n\t\t\t\t<\/div>\n\t\t\t\t\t\t<\/div>\n\t\t\t\t\t<\/div>\n\t\t<\/div>\n\t\t\t\t<div class=\"elementor-column elementor-col-50 elementor-inner-column elementor-element elementor-element-16dfcd1\" data-id=\"16dfcd1\" data-element_type=\"column\">\n\t\t\t<div class=\"elementor-column-wrap elementor-element-populated\">\n\t\t\t\t\t\t\t<div class=\"elementor-widget-wrap\">\n\t\t\t\t\t\t<div class=\"elementor-element elementor-element-c732cb9 elementor-widget elementor-widget-progress\" data-id=\"c732cb9\" data-element_type=\"widget\" data-widget_type=\"progress.default\">\n\t\t\t\t<div class=\"elementor-widget-container\">\n\t\t\t\t\t\t<span class=\"elementor-title\">\n\t\t\t\tSteel Assembly-Disassembly\t\t\t<\/span>\n\t\t\n\t\t<div class=\"elementor-progress-wrapper\" role=\"progressbar\" aria-valuemin=\"0\" aria-valuemax=\"100\" aria-valuenow=\"83\">\n\t\t\t<div class=\"elementor-progress-bar\" data-max=\"83\">\n\t\t\t\t<span class=\"elementor-progress-text\"><\/span>\n\t\t\t\t\t\t\t\t\t<span class=\"elementor-progress-percentage\">83%<\/span>\n\t\t\t\t\t\t\t<\/div>\n\t\t<\/div>\n\t\t\t\t<\/div>\n\t\t\t\t<\/div>\n\t\t\t\t<div class=\"elementor-element elementor-element-8c9c5e7 elementor-widget elementor-widget-progress\" data-id=\"8c9c5e7\" data-element_type=\"widget\" data-widget_type=\"progress.default\">\n\t\t\t\t<div class=\"elementor-widget-container\">\n\t\t\t\t\t\t<span class=\"elementor-title\">\n\t\t\t\tIsolated Manufacturing- Assembly- Disassembly\t\t\t<\/span>\n\t\t\n\t\t<div class=\"elementor-progress-wrapper\" role=\"progressbar\" aria-valuemin=\"0\" aria-valuemax=\"100\" aria-valuenow=\"79\">\n\t\t\t<div class=\"elementor-progress-bar\" data-max=\"79\">\n\t\t\t\t<span class=\"elementor-progress-text\"><\/span>\n\t\t\t\t\t\t\t\t\t<span class=\"elementor-progress-percentage\">79%<\/span>\n\t\t\t\t\t\t\t<\/div>\n\t\t<\/div>\n\t\t\t\t<\/div>\n\t\t\t\t<\/div>\n\t\t\t\t<div class=\"elementor-element elementor-element-44bf587 elementor-widget elementor-widget-progress\" data-id=\"44bf587\" data-element_type=\"widget\" data-widget_type=\"progress.default\">\n\t\t\t\t<div class=\"elementor-widget-container\">\n\t\t\t\t\t\t<span class=\"elementor-title\">\n\t\t\t\tScaffolding Assembly and Disassembly\t\t\t<\/span>\n\t\t\n\t\t<div class=\"elementor-progress-wrapper\" role=\"progressbar\" aria-valuemin=\"0\" aria-valuemax=\"100\" aria-valuenow=\"63\">\n\t\t\t<div class=\"elementor-progress-bar\" data-max=\"63\">\n\t\t\t\t<span class=\"elementor-progress-text\"><\/span>\n\t\t\t\t\t\t\t\t\t<span class=\"elementor-progress-percentage\">63%<\/span>\n\t\t\t\t\t\t\t<\/div>\n\t\t<\/div>\n\t\t\t\t<\/div>\n\t\t\t\t<\/div>\n\t\t\t\t<div class=\"elementor-element elementor-element-e32973b animated-fast elementor-invisible elementor-widget elementor-widget-image\" data-id=\"e32973b\" data-element_type=\"widget\" data-settings=\"{&quot;_animation&quot;:&quot;image_clip_right&quot;,&quot;_animation_delay&quot;:300}\" data-widget_type=\"image.default\">\n\t\t\t\t<div class=\"elementor-widget-container\">\n\t\t\t\t\t\t\t\t<div class=\"elementor-image\">\n\t\t\t\t\t\t\t\t\t\t\t\t<img loading=\"lazy\" decoding=\"async\" width=\"960\" height=\"640\" src=\"https:\/\/lotus-steel.com\/wp-content\/uploads\/2023\/09\/20230825115842_fpdl.in_developed-modern-industry-processing-petroleum-products-petrochemical-industry-factory_124507-61659_large.jpg\" class=\"attachment-industrium_portfolio_grid_2_columns size-industrium_portfolio_grid_2_columns wp-image-16512\" alt=\"\" srcset=\"https:\/\/lotus-steel.com\/wp-content\/uploads\/2023\/09\/20230825115842_fpdl.in_developed-modern-industry-processing-petroleum-products-petrochemical-industry-factory_124507-61659_large.jpg 960w, https:\/\/lotus-steel.com\/wp-content\/uploads\/2023\/09\/20230825115842_fpdl.in_developed-modern-industry-processing-petroleum-products-petrochemical-industry-factory_124507-61659_large-300x200.jpg 300w, https:\/\/lotus-steel.com\/wp-content\/uploads\/2023\/09\/20230825115842_fpdl.in_developed-modern-industry-processing-petroleum-products-petrochemical-industry-factory_124507-61659_large-768x512.jpg 768w\" sizes=\"(max-width: 960px) 100vw, 960px\" \/>\t\t\t\t\t\t\t\t\t\t\t\t\t\t<\/div>\n\t\t\t\t\t\t<\/div>\n\t\t\t\t<\/div>\n\t\t\t\t\t\t<\/div>\n\t\t\t\t\t<\/div>\n\t\t<\/div>\n\t\t\t\t\t\t\t\t<\/div>\n\t\t\t\t\t<\/div>\n\t\t<\/section>\n\t\t\t\t\t\t<\/div>\n\t\t\t\t\t<\/div>\n\t\t<\/div>\n\t\t\t\t\t\t\t\t<\/div>\n\t\t\t\t\t<\/div>\n\t\t<\/section>\n\t\t\t\t\t\t\t\t\t<\/div>\n\t\t\t<\/div>\n\t\t\t\t\t<\/div>\n\t\t","protected":false},"excerpt":{"rendered":"<p>Lotus steel has been providing metal maintenance and repair services in refineries, petrochemicals, iron and steel, power plants, etc. since 2008. Our work in project-based, daily maintenance and repair works and shutdowns is our goal to do time lossless works with&#8230;<\/p>\n","protected":false},"author":1,"featured_media":0,"parent":0,"menu_order":0,"comment_status":"closed","ping_status":"closed","template":"","meta":{"footnotes":""},"class_list":["post-17128","page","type-page","status-publish","hentry"],"_links":{"self":[{"href":"https:\/\/lotus-steel.com\/en\/wp-json\/wp\/v2\/pages\/17128"}],"collection":[{"href":"https:\/\/lotus-steel.com\/en\/wp-json\/wp\/v2\/pages"}],"about":[{"href":"https:\/\/lotus-steel.com\/en\/wp-json\/wp\/v2\/types\/page"}],"author":[{"embeddable":true,"href":"https:\/\/lotus-steel.com\/en\/wp-json\/wp\/v2\/users\/1"}],"replies":[{"embeddable":true,"href":"https:\/\/lotus-steel.com\/en\/wp-json\/wp\/v2\/comments?post=17128"}],"version-history":[{"count":4,"href":"https:\/\/lotus-steel.com\/en\/wp-json\/wp\/v2\/pages\/17128\/revisions"}],"predecessor-version":[{"id":17132,"href":"https:\/\/lotus-steel.com\/en\/wp-json\/wp\/v2\/pages\/17128\/revisions\/17132"}],"wp:attachment":[{"href":"https:\/\/lotus-steel.com\/en\/wp-json\/wp\/v2\/media?parent=17128"}],"curies":[{"name":"wp","href":"https:\/\/api.w.org\/{rel}","templated":true}]}}