{"id":16912,"date":"2023-09-11T10:44:06","date_gmt":"2023-09-11T07:44:06","guid":{"rendered":"http:\/\/lotus-steel.com\/deneyimlerimiz\/"},"modified":"2023-12-20T16:32:21","modified_gmt":"2023-12-20T13:32:21","slug":"our-experiences","status":"publish","type":"page","link":"https:\/\/lotus-steel.com\/en\/our-experiences\/","title":{"rendered":"Our Experiences"},"content":{"rendered":"\t\t<div data-elementor-type=\"wp-page\" data-elementor-id=\"16912\" class=\"elementor elementor-16912\" data-elementor-post-type=\"page\">\n\t\t\t\t\t\t<div class=\"elementor-inner\">\n\t\t\t\t<div class=\"elementor-section-wrap\">\n\t\t\t\t\t\t\t\t\t<section class=\"elementor-section elementor-top-section elementor-element elementor-element-80bdfb6 elementor-section-boxed elementor-section-height-default elementor-section-height-default\" data-id=\"80bdfb6\" data-element_type=\"section\">\n\t\t\t\t\t\t<div class=\"elementor-container elementor-column-gap-default\">\n\t\t\t\t\t\t\t<div class=\"elementor-row\">\n\t\t\t\t\t<div class=\"elementor-column elementor-col-100 elementor-top-column elementor-element elementor-element-cc9c864\" data-id=\"cc9c864\" data-element_type=\"column\">\n\t\t\t<div class=\"elementor-column-wrap elementor-element-populated\">\n\t\t\t\t\t\t\t<div class=\"elementor-widget-wrap\">\n\t\t\t\t\t\t<div class=\"elementor-element elementor-element-0fd4d7b elementor-widget elementor-widget-text-editor\" data-id=\"0fd4d7b\" data-element_type=\"widget\" data-widget_type=\"text-editor.default\">\n\t\t\t\t<div class=\"elementor-widget-container\">\n\t\t\t\t\t\t\t\t<div class=\"elementor-text-editor elementor-clearfix\">\n\t\t\t\t<p><strong><u>\u0130zmit T\u00fcpra\u015f Refinery 2008-2023 Turkey<\/u><\/strong><\/p><ul><li>Plant 2 Crude-oil-Vacuum Unit Column and Drum Maintenance Works<\/li><li>Plant 2 Crude-oil&#8211;Vacuum Unit 2c-1 2c-4 Columns Base Plate Replacement<\/li><li>Plant 2 Crude-oil&#8211; Vacuum Unit 2f-2 Furnace Tube Replacement<\/li><li>Plant 33 Isopentane Unit 33f-202 Guillotine Repair and Maintenance Works<\/li><li>Plant 25 Hampetrol Unit 25e 12a\/B Heat Exchangers Retubing and Testing Works<\/li><li>Cleaning and Testing of Plant 47 47e-8 Coolers<\/li><li>Plant 47 47e-8 Heat Exchangers Band Replacement and Test Works<\/li><li>Plant 5 Hampetrol &#8211; Vacuum Unit 5e-102 Damper Maintenance Works<\/li><li>Plant 7 Fcc Unit Planned Shutdown Unit Works<\/li><li>Plant 25 Hampetrol Unit Planned Shutdown Unit Works<\/li><li>Plant 26 Asphalt Vacuum Unit Planned Shutdown Unit Works<\/li><li>Plant 7 Fcc Unit Planned Stance Unit Works<\/li><li>Plant 25 Hampetrol Unit Planned Shutdown Coolers Maintenance and Test Works<\/li><li>Maintenance and Testing of Plant 7 Fcc Unit Planned Shutdown Coolers<\/li><li>Plant 26 Asphalt Vacuum Unit Planned Shutdown Maintenance and Testing of Coolers<\/li><li>Plant 9 Electricity &#8211; Steam Generation Unit Alternator Condenser Maintenance Works<\/li><li>Plant 7 Fcc Lpg2 Planned Intermediate Stop Heat Exchangers and Coolers Cleaning-Maintenance and Tests<\/li><li>Plant 7 Fcc Lpg2 Planned Intermediate Stop Column and Drams Maintenance and Repair Works<\/li><li>Plant 7 Fcc Lpg2 Planned Intermediate Stop Unit Works<\/li><li>Plant 10 Electricity &#8211; Steam Generation Unit 103 A Boiler Maintenance and Repair Works<\/li><li>Plant 6 Unifiner Unit Whb-B Tubes Partial Renewal Tests and Body Hair Welding Works<\/li><li>Plant 63 Ccr Unit Planned Shutdown Maintenance and Testing of Heat Exchangers and Air Coolers<\/li><li>Plant 47 48 19 21 Units Planned Shutdown Column Dram Heat Exchanger and Air Cooler Maintenance-Repair Test Works<\/li><li>Plant 2 7 74 5 47 48 21 Safety Valves Orifice Disassembly-Assembly Works in Planned Shutdown of Units<\/li><li>Refinery-wide Battery Shot\/Down H2s and Flare Lines Renovation and Renovation Valve Replacement Works<\/li><li>Maintenance and Replacement of Refinery-wide Fire Circuit Valves 2013<\/li><li>Maintenance and Replacement of Refinery Wide Fire Circuit Valves 2014<\/li><li>Plant 7 Fcc Lpg1 Unit Intermediate Stop Heat Exchanger, Air Cooler, Column and Drams Maintenance and Tests<\/li><li>Plant 7 Fcc Lpg1 Unit Intermediate Stop Safety Valves and Orifise Disassembly-Assembly Works<\/li><li>Plant 25 Hampetrol Isopentane Furnace Retub Work<\/li><li>Plant 5 Furnace Retub and Air Duct Replacement Work<\/li><li>Plt 2 Column Maintenance<\/li><li>Plt2 Cooler Retub Works<\/li><\/ul><p><strong><u>T\u00fcpra\u015f Izmir Refinery 2008-2019 Turkey<\/u><\/strong><\/p><ul><li>Shell Sleeve Replacement and Testing of Plant U8000 E 8201 A1-2-3 B1-2-3 High Pressure Combined Heat Exchangers<\/li><li>Maintenance and Testing of Plant U 9000 Ccr Planned Shutdown Heat Exchangers<\/li><li>Plant U 300-400 Kero Diesel 100 Hampetrol Planned Shutdown Maintenance and Testing of Heat Exchangers<\/li><li>Refinery-Wide Metal-Maintenance-Repair Works<\/li><li>Plant 8500 Visbreaker Intermediate Stop Unit Line Manufacturing Column Dram Heat Exchanger Air Cooler Reactor Valve Maintenance and Repair Works<\/li><li>Refinery-wide Steam Traps Manufacturing-Assembly-Assembly Works<\/li><li>Refinery-wide Isg Metal Fabrication-Assembly-Assembly Works<\/li><li>U 7000 Hampetrol Intermediate Stop Unit Metal Fabrication Works<\/li><li>Unit Metal Fabrication Works at U Fcc Unit Planned Shutdown<\/li><li>Plant 900 Unit Concrete Chimney Railing and Stair Manufacturing-Assembly Works<\/li><li>T\u00fcpra\u015f K\u0131r\u0131kkale Refinery 2008-2023 Turkey<\/li><li>Plant 1350 Hcp Units Planned Stop Column Dram Heat Exchanger and Air Cooler Equipment Maintenance Tests Safety Valves and Orifice Dismantling Assembly Works.<\/li><li>Plant 1850 Hydrogen Units Planned Shutdown Column Dram Heat Exchanger and Air Cooler Equipment Maintenance Tests Safety Valves and Orifice Dismantling Assembly Works.<\/li><li>Plant 1825 Sulfur Units Planned Shutdown Column Dram Heat Exchanger and Air Cooler Equipment Maintenance Tests Safety Valves and Orifice Dismantling Assembly Works.<\/li><li>Plant 5400 Water Stripping Units Planned Shutdown Column Dram Heat Exchanger and Air Cooler Equipment Maintenance Tests Safety Valves and Orifice Dismantling Assembly Works.<\/li><li>Plant Hp\/Hcp Units Planned Shutdown Heat Exchangers Maintenance Work.<\/li><li>Russian boiler asbestos removal<\/li><\/ul><p><strong><u>T\u00fcpra\u015f Batman Refinery 2017-2019 Turkey<\/u><\/strong><\/p><ul><li>Hampetrol Unit Planned Shutdown Heat Exchanger Column Dram and Coolers Maintenance and Repair Works<\/li><\/ul><p><strong><u>\u00a0<\/u><\/strong><\/p><p><strong><u>T\u00fcpra\u015f \u0130zmit Refinery B Area Rub Project 2018 Turkey<\/u><\/strong><\/p><ul><li>Turkey &#8211; commissioning of zone B<\/li><li>Plt 126 Heat Exchanger Maintenance<\/li><\/ul><p><strong><u>Petkim Aliaga 2016-2019 Turkey<\/u><\/strong><\/p><ul><li>Factory-wide retubing and testing of heat exchangers and air coolers<\/li><\/ul><p><strong><u>Bortes Pipe Installation 2009 Turkey<\/u><\/strong><\/p><ul><li>Izmit Refinery Tank 315-316-317 5000 tons Tank Manufacturing and Installation<\/li><\/ul><p><strong><u>Izdemir Energy 2017 Turkey<\/u><\/strong><\/p><ul><li>Turbo Generator Retub Works<\/li><li>Turbo Generator Retub Works<\/li><li>Coke Plant Piping Works<\/li><\/ul><p><span style=\"text-decoration: underline;\"><strong>Ansaldo Aen Power Plant \u00a02018 Turkey<\/strong><\/span><\/p><ul><li>Power Plant Planned Shutdown, Heat Exchanger Retubing Work<\/li><li>Power Plant Planned Stance, Dram Base Sheet Replacement Work<\/li><li>\u00c7elikler Seyit\u00f6mer Power Plant 2017-2022 Turkey<\/li><li>4th Unit 1st and 2nd Boiler Body Sheet Renewal and Maintenance-Repair Works<\/li><li>Isolation Manufacturing Dismantling Assembly Works<\/li><li>4th Unit 1st and 2nd Boiler Boiler Boiler Grates Renovation and Maintenance-Repair<\/li><li>Unit 4 1st and 2nd Boiler Pipelines Renovation Maintenance and Repair<\/li><li>Unit 2 Coal Bunkers Grate And Platform Manufacturing And Erection<\/li><\/ul><p><strong><u>Aksa Antalya Power Plant 2020-2022 Turkey<\/u><\/strong><\/p><ul><li>Shut\/Down Time Equipment Maintenance, Repair, Scaffolding and Insulation Works<\/li><\/ul><p>Unit Operations at Intermediate Stop<\/p><p><strong><u>Aksa Van Power Plant 2021-2022 Turkey<\/u><\/strong><\/p><ul><li>Equipment Maintenance and Insulation Assembly and Disassembly Works<\/li><\/ul><p><strong><u>Aksa Aliaga Power Plant 2021 Turkey<\/u><\/strong><\/p><ul><li>Equipment Maintenance and Insulation Assembly and Disassembly Works<\/li><\/ul><p><strong><u>Heydar Aliyev Refinery 2022 Azerbaijan<\/u><\/strong><\/p><ul><li>Heat Exchanger and Air Cooler Maintenance and Repair Works<\/li><\/ul><p>Column Maintenance Works<\/p><p><strong><u>Aksa Manisa Power Plant 2021 Turkey<\/u><\/strong><\/p><ul><li>Equipment Maintenance and Insulation Assembly and Disassembly Works<\/li><\/ul><p><strong><u>Posco Assan Alim\u00fcnyum 2015 Turkey <\/u><\/strong><\/p><ul><li>Factory-wide Metal Maintenance-Repair-Manufacturing-Construction Works<\/li><\/ul>\t\t\t\t\t<\/div>\n\t\t\t\t\t\t<\/div>\n\t\t\t\t<\/div>\n\t\t\t\t\t\t<\/div>\n\t\t\t\t\t<\/div>\n\t\t<\/div>\n\t\t\t\t\t\t\t\t<\/div>\n\t\t\t\t\t<\/div>\n\t\t<\/section>\n\t\t\t\t\t\t\t\t\t<\/div>\n\t\t\t<\/div>\n\t\t\t\t\t<\/div>\n\t\t","protected":false},"excerpt":{"rendered":"<p>\u0130zmit T\u00fcpra\u015f Refinery 2008-2023 Turkey Plant 2 Crude-oil-Vacuum Unit Column and Drum Maintenance Works Plant 2 Crude-oil&#8211;Vacuum Unit 2c-1 2c-4 Columns Base Plate Replacement Plant 2 Crude-oil&#8211; Vacuum Unit 2f-2 Furnace Tube Replacement Plant 33 Isopentane Unit 33f-202 Guillotine Repair and&#8230;<\/p>\n","protected":false},"author":1,"featured_media":0,"parent":0,"menu_order":0,"comment_status":"closed","ping_status":"closed","template":"","meta":{"footnotes":""},"class_list":["post-16912","page","type-page","status-publish","hentry"],"_links":{"self":[{"href":"https:\/\/lotus-steel.com\/en\/wp-json\/wp\/v2\/pages\/16912"}],"collection":[{"href":"https:\/\/lotus-steel.com\/en\/wp-json\/wp\/v2\/pages"}],"about":[{"href":"https:\/\/lotus-steel.com\/en\/wp-json\/wp\/v2\/types\/page"}],"author":[{"embeddable":true,"href":"https:\/\/lotus-steel.com\/en\/wp-json\/wp\/v2\/users\/1"}],"replies":[{"embeddable":true,"href":"https:\/\/lotus-steel.com\/en\/wp-json\/wp\/v2\/comments?post=16912"}],"version-history":[{"count":10,"href":"https:\/\/lotus-steel.com\/en\/wp-json\/wp\/v2\/pages\/16912\/revisions"}],"predecessor-version":[{"id":17226,"href":"https:\/\/lotus-steel.com\/en\/wp-json\/wp\/v2\/pages\/16912\/revisions\/17226"}],"wp:attachment":[{"href":"https:\/\/lotus-steel.com\/en\/wp-json\/wp\/v2\/media?parent=16912"}],"curies":[{"name":"wp","href":"https:\/\/api.w.org\/{rel}","templated":true}]}}